{"id":899,"date":"2019-06-18T14:14:54","date_gmt":"2019-06-18T19:14:54","guid":{"rendered":"https:\/\/kokuye.com\/?page_id=899"},"modified":"2019-06-21T13:13:46","modified_gmt":"2019-06-21T18:13:46","slug":"el-desarrollador","status":"publish","type":"page","link":"https:\/\/kokuye.com\/es\/proyecto\/el-desarrollador\/","title":{"rendered":"El Desarrollador"},"content":{"rendered":"<div id=\"SociosIntro\">\n<h4>Socios<\/h4>\n<p><strong>Inmobiliaria P&amp;P<\/strong> ha trabajado con las mejores firmas de arquitectos de Panam\u00e1, como Mallol &amp; Mallol, Carlos Clement, Cambefort &amp; Boza, Edwin Brown y Asociados.&nbsp;Para desarrollar Kokuy\u00e9 se asociaron con expertos internacionales que garantizan un proyecto del m\u00e1s alto est\u00e1ndar de calidad.<\/p>\n<\/div>\n\n\n<div class=\"wp-block-columns has-3-columns is-layout-flex wp-container-core-columns-is-layout-9d6595d7 wp-block-columns-is-layout-flex\">\n<div class=\"wp-block-column is-layout-flow wp-block-column-is-layout-flow\">\n<h3 class=\"wp-block-heading\">OBMI Architecture, Miami. <\/h3>\n\n\n\n<h4 class=\"wp-block-heading\"><strong>Plan maestro<\/strong><\/h4>\n\n\n\n<p>Esta firma naci\u00f3 de la idea de ofrecer la arquitectura adecuada para cada proyecto, creando un espacio bien dise\u00f1ado y eficiente que brinda una experiencia \u00fanica. Como expertos en todo lo que se refiere a la arquitectura vernacular, aquella que es propia de cada lugar en el que se construye, su equipo dise\u00f1a destinos llenos de encanto y lujo, incluyendo comunidades residenciales, resorts, hoteles boutique y villas personalizadas. Los desarrollos que dise\u00f1an logran memorias y momentos que conectan con las personas.  <\/p>\n<\/div>\n\n\n\n<div class=\"wp-block-column is-layout-flow wp-block-column-is-layout-flow\">\n<h3 class=\"wp-block-heading\">George Moreno &amp; Partners. <\/h3>\n\n\n\n<h4 class=\"wp-block-heading\"><strong>Dise\u00f1o arquitect\u00f3nico<\/strong><\/h4>\n\n\n\n<p>Con base en Panam\u00e1, esta firma de arquitectos est\u00e1 liderada por uno de los talentos m\u00e1s destacados de los \u00faltimos a\u00f1os de la arquitectura en la regi\u00f3n. El enfoque de sus creaciones se basa en mejorar la calidad de vida de las personas a trav\u00e9s de un dise\u00f1o arquitect\u00f3nico elegante, c\u00f3modo y con un urbanismo eficiente que mantiene un contacto cercano con la naturaleza. Ha desarrollado edificios residenciales y de oficinas, adem\u00e1s de comunidades privadas de playa y ciudad. Su pasi\u00f3n por los deportes acu\u00e1ticos lo hizo la elecci\u00f3n ideal para Kokuy\u00e9.  <\/p>\n<\/div>\n\n\n\n<div class=\"wp-block-column is-layout-flow wp-block-column-is-layout-flow\">\n<h3 class=\"wp-block-heading\">ATM (Applied Technology &amp; Management, Inc.). <\/h3>\n\n\n\n<h4 class=\"wp-block-heading\"><strong>Marina<\/strong><\/h4>\n\n\n\n<p>Esta empresa ha tenido el privilegio de trabajar a nivel global con los mejores planners, arquitectos, empresas hoteleras y desarrolladores en proyectos de resorts y comunidades de playa. Su experiencia les permite entender el medio ambiente alrededor de sus obras para ofrecer soluciones ecol\u00f3gicamente sostenibles. Su especialidad en servicios de ingenier\u00eda complementa y fortalece las destrezas de arquitectos y planners, partiendo de una base conceptual que sigue la evoluci\u00f3n de una gota de lluvia: precipitaciones, quebradas, lagos, reservas, r\u00edos, estuarios, playas, mares y oc\u00e9anos<\/p>\n<\/div>\n<\/div>\n","protected":false},"excerpt":{"rendered":"<p>Socios Inmobiliaria P&amp;P ha trabajado con las mejores firmas de arquitectos de Panam\u00e1, como Mallol &amp; Mallol, Carlos Clement, Cambefort &amp; Boza, Edwin Brown y Asociados.&nbsp;Para desarrollar Kokuy\u00e9 se asociaron con expertos internacionales que garantizan un proyecto del m\u00e1s alto est\u00e1ndar de calidad. OBMI Architecture, Miami. Plan maestro Esta firma naci\u00f3 de la idea de [&hellip;]<\/p>\n","protected":false},"author":1,"featured_media":0,"parent":40,"menu_order":0,"comment_status":"closed","ping_status":"closed","template":"k-developer.php","meta":{"_acf_changed":false,"footnotes":""},"class_list":["post-899","page","type-page","status-publish","hentry"],"acf":[],"_links":{"self":[{"href":"https:\/\/kokuye.com\/es\/wp-json\/wp\/v2\/pages\/899","targetHints":{"allow":["GET"]}}],"collection":[{"href":"https:\/\/kokuye.com\/es\/wp-json\/wp\/v2\/pages"}],"about":[{"href":"https:\/\/kokuye.com\/es\/wp-json\/wp\/v2\/types\/page"}],"author":[{"embeddable":true,"href":"https:\/\/kokuye.com\/es\/wp-json\/wp\/v2\/users\/1"}],"replies":[{"embeddable":true,"href":"https:\/\/kokuye.com\/es\/wp-json\/wp\/v2\/comments?post=899"}],"version-history":[{"count":14,"href":"https:\/\/kokuye.com\/es\/wp-json\/wp\/v2\/pages\/899\/revisions"}],"predecessor-version":[{"id":1025,"href":"https:\/\/kokuye.com\/es\/wp-json\/wp\/v2\/pages\/899\/revisions\/1025"}],"up":[{"embeddable":true,"href":"https:\/\/kokuye.com\/es\/wp-json\/wp\/v2\/pages\/40"}],"wp:attachment":[{"href":"https:\/\/kokuye.com\/es\/wp-json\/wp\/v2\/media?parent=899"}],"curies":[{"name":"wp","href":"https:\/\/api.w.org\/{rel}","templated":true}]}}