{"id":50,"date":"2019-01-16T10:48:52","date_gmt":"2019-01-16T15:48:52","guid":{"rendered":"http:\/\/localhost:8888\/kokuye\/?page_id=50"},"modified":"2019-06-18T14:59:55","modified_gmt":"2019-06-18T19:59:55","slug":"contacto","status":"publish","type":"page","link":"https:\/\/kokuye.com\/es\/contacto\/","title":{"rendered":"Contacto"},"content":{"rendered":"\n<h2 class=\"wp-block-heading\">Visite nuestra Sala de Ventas<\/h2>\n\n\n\n<p>Te\ninvitamos a conocer\nnuestra sala de ventas ubicada en Ciudad de\nPanam\u00e1.<\/p>\n\n\n\n<p>Si nos escribes desde el extranjero y tienes\nplaneado venir al\npa\u00eds con gusto te atendemos y coordinamos para que conozcas el sitio\nde <strong>Kokuy\u00e9<\/strong>. <\/p>\n\n\n\n<p><strong>Para m\u00e1s informaci\u00f3n, no dude en contactarnos:<\/strong><\/p>\n\n\n<p><strong><img loading=\"lazy\" decoding=\"async\" class=\"alignnone size-full wp-image-845\" src=\"https:\/\/kokuye.com\/wp-content\/uploads\/2019\/03\/flag-Panama.png\" alt=\"\" width=\"23\" height=\"15\" \/> +507-830-6450<\/strong><\/p>\n<p><strong>Desde los Estados Unidos:<\/strong><\/p>\n<p><strong><img loading=\"lazy\" decoding=\"async\" class=\"alignnone size-full wp-image-845\" src=\"https:\/\/kokuye.com\/wp-content\/uploads\/2019\/03\/flag-Panama.png\" alt=\"\" width=\"23\" height=\"15\" \/> 011+507-830-6450<\/strong><\/p>\n<p><strong><a href=\"mailto:info@kokuye.com\">info@kokuye.com<\/a><\/strong><\/p>\n<p><a href=\"https:\/\/www.facebook.com\/kokuyepanama\/\" target=\"_blank\" rel=\"noopener\"><img loading=\"lazy\" decoding=\"async\" class=\"alignnone size-full wp-image-23\" src=\"https:\/\/kokuye.com\/wp-content\/uploads\/2019\/01\/icon-facebook.png\" alt=\"Facebook\" width=\"32\" height=\"32\" \/><\/a><a href=\"https:\/\/www.instagram.com\/kokuyepanama\/\" target=\"_blank\" rel=\"noopener\"><img loading=\"lazy\" decoding=\"async\" class=\"alignnone size-full wp-image-24\" src=\"https:\/\/kokuye.com\/wp-content\/uploads\/2019\/01\/icon-instagram.png\" alt=\"Instagram\" width=\"32\" height=\"32\" \/><\/a><a href=\"https:\/\/www.youtube.com\/channel\/UC27FP15AtAYC0H9Ik_aMQfw\" target=\"_blank\" rel=\"noopener\"><img loading=\"lazy\" decoding=\"async\" class=\"alignnone size-full wp-image-25\" src=\"https:\/\/kokuye.com\/wp-content\/uploads\/2019\/01\/icon-youtube.png\" alt=\"YouTube\" width=\"32\" height=\"32\" \/><\/a><\/p>","protected":false},"excerpt":{"rendered":"<p>Visite nuestra Sala de Ventas Te invitamos a conocer nuestra sala de ventas ubicada en Ciudad de Panam\u00e1. Si nos escribes desde el extranjero y tienes planeado venir al pa\u00eds con gusto te atendemos y coordinamos para que conozcas el sitio de Kokuy\u00e9. Para m\u00e1s informaci\u00f3n, no dude en contactarnos: +507-830-6450 Desde los Estados Unidos: [&hellip;]<\/p>\n","protected":false},"author":1,"featured_media":0,"parent":0,"menu_order":0,"comment_status":"closed","ping_status":"closed","template":"k-contact.php","meta":{"_acf_changed":false,"footnotes":""},"class_list":["post-50","page","type-page","status-publish","hentry"],"acf":[],"_links":{"self":[{"href":"https:\/\/kokuye.com\/es\/wp-json\/wp\/v2\/pages\/50","targetHints":{"allow":["GET"]}}],"collection":[{"href":"https:\/\/kokuye.com\/es\/wp-json\/wp\/v2\/pages"}],"about":[{"href":"https:\/\/kokuye.com\/es\/wp-json\/wp\/v2\/types\/page"}],"author":[{"embeddable":true,"href":"https:\/\/kokuye.com\/es\/wp-json\/wp\/v2\/users\/1"}],"replies":[{"embeddable":true,"href":"https:\/\/kokuye.com\/es\/wp-json\/wp\/v2\/comments?post=50"}],"version-history":[{"count":28,"href":"https:\/\/kokuye.com\/es\/wp-json\/wp\/v2\/pages\/50\/revisions"}],"predecessor-version":[{"id":931,"href":"https:\/\/kokuye.com\/es\/wp-json\/wp\/v2\/pages\/50\/revisions\/931"}],"wp:attachment":[{"href":"https:\/\/kokuye.com\/es\/wp-json\/wp\/v2\/media?parent=50"}],"curies":[{"name":"wp","href":"https:\/\/api.w.org\/{rel}","templated":true}]}}