{"id":46,"date":"2019-01-16T10:48:07","date_gmt":"2019-01-16T15:48:07","guid":{"rendered":"http:\/\/localhost:8888\/kokuye\/?page_id=46"},"modified":"2019-06-18T14:55:31","modified_gmt":"2019-06-18T19:55:31","slug":"panama","status":"publish","type":"page","link":"https:\/\/kokuye.com\/es\/panama\/","title":{"rendered":"Panam\u00e1"},"content":{"rendered":"<h3>PANAM\u00c1, UN PA\u00cdS DE INVERSIONES SEGURAS<\/h3>\n<p>El istmo de Panam\u00e1, un estrecho en Centro Am\u00e9rica que conecta el Oc\u00e9ano Atl\u00e1ntico con el Pac\u00edfico a trav\u00e9s de su maravilloso canal, es uno de los pa\u00edses m\u00e1s estables y de mayor crecimiento econ\u00f3mico en la regi\u00f3n.<\/p>\n<p>En a\u00f1os recientes, Panam\u00e1 se ha convertido en un destino tur\u00edstico incomparable, recibiendo a cientos de miles de visitantes que vienen anualmente a conocer su ambiente tropical y cosmopolita, playas, poblados m\u00e1gicos y rica historia, la cual se ha visto influida por una gran diversidad de razas y culturas de todo el mundo.<\/p>\n<p>El pa\u00eds tambi\u00e9n se ha establecido como un destino ideal para invertir en bienes ra\u00edces, retirarse o para tener una segunda propiedad o residencia de verano. Esto ha creado comunidades de expats que se benefician por un clima agradable, la circulaci\u00f3n del d\u00f3lar americano y m\u00faltiples beneficios que no se encuentran en otro lado.<\/p>\n<p>Si visitas Panam\u00e1 por primera vez te sorprender\u00e1 lo que encontrar\u00e1s: hoteles excelentes, opciones de shopping de todo tipo, restaurantes de comidas de alrededor del mundo, servicios b\u00e1sicos de primera como hospitales, escuelas y bancos, adem\u00e1s de un transporte privado eficiente (Uber y Airbnb est\u00e1n activas en el pa\u00eds). La ciudad est\u00e1 llena de actividades interesantes y Casco Viejo, su \u00e1rea colonial antigua, es una parada obligada que fascinar\u00e1.<\/p>\n<p>En lo que a playas se refiere, la costa del Pac\u00edfico se ha beneficiado con grandes desarrollos de hoteles y comunidades de playa. Del lado Atl\u00e1ntico, en las provincias de Bocas del Toro y Col\u00f3n, la oferta ha sido mucho menor, dejando un gran espacio de oportunidades que<strong> Kokuy\u00e9<\/strong> ahora va a llenar con <strong>Tu magia caribe\u00f1a<\/strong>.<\/p>\n","protected":false},"excerpt":{"rendered":"<p>PANAM\u00c1, UN PA\u00cdS DE INVERSIONES SEGURAS El istmo de Panam\u00e1, un estrecho en Centro Am\u00e9rica que conecta el Oc\u00e9ano Atl\u00e1ntico con el Pac\u00edfico a trav\u00e9s de su maravilloso canal, es uno de los pa\u00edses m\u00e1s estables y de mayor crecimiento econ\u00f3mico en la regi\u00f3n. En a\u00f1os recientes, Panam\u00e1 se ha convertido en un destino tur\u00edstico [&hellip;]<\/p>\n","protected":false},"author":1,"featured_media":0,"parent":0,"menu_order":0,"comment_status":"closed","ping_status":"closed","template":"k-panama.php","meta":{"_acf_changed":false,"footnotes":""},"class_list":["post-46","page","type-page","status-publish","hentry"],"acf":[],"_links":{"self":[{"href":"https:\/\/kokuye.com\/es\/wp-json\/wp\/v2\/pages\/46","targetHints":{"allow":["GET"]}}],"collection":[{"href":"https:\/\/kokuye.com\/es\/wp-json\/wp\/v2\/pages"}],"about":[{"href":"https:\/\/kokuye.com\/es\/wp-json\/wp\/v2\/types\/page"}],"author":[{"embeddable":true,"href":"https:\/\/kokuye.com\/es\/wp-json\/wp\/v2\/users\/1"}],"replies":[{"embeddable":true,"href":"https:\/\/kokuye.com\/es\/wp-json\/wp\/v2\/comments?post=46"}],"version-history":[{"count":9,"href":"https:\/\/kokuye.com\/es\/wp-json\/wp\/v2\/pages\/46\/revisions"}],"predecessor-version":[{"id":930,"href":"https:\/\/kokuye.com\/es\/wp-json\/wp\/v2\/pages\/46\/revisions\/930"}],"wp:attachment":[{"href":"https:\/\/kokuye.com\/es\/wp-json\/wp\/v2\/media?parent=46"}],"curies":[{"name":"wp","href":"https:\/\/api.w.org\/{rel}","templated":true}]}}