{"id":42,"date":"2019-01-16T10:43:16","date_gmt":"2019-01-16T15:43:16","guid":{"rendered":"http:\/\/localhost:8888\/kokuye\/?page_id=42"},"modified":"2022-09-19T11:02:58","modified_gmt":"2022-09-19T16:02:58","slug":"propiedades","status":"publish","type":"page","link":"https:\/\/kokuye.com\/es\/propiedades\/","title":{"rendered":"Propiedades"},"content":{"rendered":"<h3>LAS RESIDENCIAS<\/h3>\n<p>Los edificios y sus apartamentos est\u00e1n administrados bajo el sistema de propiedad horizontal, o PH, en el cual los residentes son copropietarios de todas las \u00e1reas comunes del proyecto. La mayor\u00eda de los edificios de la ciudad de Panam\u00e1 se manejan bajo este esquema, y muchos expatriados y extranjeros aprecian el orden que trae a la comunidad.<\/p>\n<p>La primera etapa de <strong>Kokuy\u00e9<\/strong> ofrece <strong>28 unidades<\/strong> distribuidas en <strong>12 edificios<\/strong>, cada uno con un dise\u00f1o propio y variedad de modelos para los apartamentos y penthouses.<\/p>\n<p class=\"sandBTN\"><a href=\"#modelos\">MODELOS DE APARTAMENTOS<\/a><\/p>\n","protected":false},"excerpt":{"rendered":"<p>LAS RESIDENCIAS Los edificios y sus apartamentos est\u00e1n administrados bajo el sistema de propiedad horizontal, o PH, en el cual los residentes son copropietarios de todas las \u00e1reas comunes del proyecto. La mayor\u00eda de los edificios de la ciudad de Panam\u00e1 se manejan bajo este esquema, y muchos expatriados y extranjeros aprecian el orden que [&hellip;]<\/p>\n","protected":false},"author":1,"featured_media":0,"parent":0,"menu_order":0,"comment_status":"closed","ping_status":"closed","template":"k-properties.php","meta":{"_acf_changed":false,"footnotes":""},"class_list":["post-42","page","type-page","status-publish","hentry"],"acf":[],"_links":{"self":[{"href":"https:\/\/kokuye.com\/es\/wp-json\/wp\/v2\/pages\/42","targetHints":{"allow":["GET"]}}],"collection":[{"href":"https:\/\/kokuye.com\/es\/wp-json\/wp\/v2\/pages"}],"about":[{"href":"https:\/\/kokuye.com\/es\/wp-json\/wp\/v2\/types\/page"}],"author":[{"embeddable":true,"href":"https:\/\/kokuye.com\/es\/wp-json\/wp\/v2\/users\/1"}],"replies":[{"embeddable":true,"href":"https:\/\/kokuye.com\/es\/wp-json\/wp\/v2\/comments?post=42"}],"version-history":[{"count":32,"href":"https:\/\/kokuye.com\/es\/wp-json\/wp\/v2\/pages\/42\/revisions"}],"predecessor-version":[{"id":1991,"href":"https:\/\/kokuye.com\/es\/wp-json\/wp\/v2\/pages\/42\/revisions\/1991"}],"wp:attachment":[{"href":"https:\/\/kokuye.com\/es\/wp-json\/wp\/v2\/media?parent=42"}],"curies":[{"name":"wp","href":"https:\/\/api.w.org\/{rel}","templated":true}]}}