{"id":40,"date":"2019-01-16T10:42:45","date_gmt":"2019-01-16T15:42:45","guid":{"rendered":"http:\/\/localhost:8888\/kokuye\/?page_id=40"},"modified":"2020-04-01T11:25:58","modified_gmt":"2020-04-01T16:25:58","slug":"proyecto","status":"publish","type":"page","link":"https:\/\/kokuye.com\/es\/proyecto\/","title":{"rendered":"El Proyecto"},"content":{"rendered":"\r\n<p>Frente a las suaves arenas de una costa arrullada por la brisa marina, donde el verde tropical se funde con el azul turquesa del Mar Caribe, nace una propuesta de placeres exquisitos. Kokuy\u00e9 es la realizaci\u00f3n de un sue\u00f1o exclusivo: armonizar la vida orientada al lujo y la diversi\u00f3n exclusiva con la radiante belleza y la exuberancia del mundo natural. Sus residencias, sofisticado estilo de vida y sorprendentes amenidades superan las expectativas del m\u00e1s osado.<\/p>\r\n","protected":false},"excerpt":{"rendered":"<p>Frente a las suaves arenas de una costa arrullada por la brisa marina, donde el verde tropical se funde con el azul turquesa del Mar Caribe, nace una propuesta de placeres exquisitos. Kokuy\u00e9 es la realizaci\u00f3n de un sue\u00f1o exclusivo: armonizar la vida orientada al lujo y la diversi\u00f3n exclusiva con la radiante belleza y [&hellip;]<\/p>\n","protected":false},"author":1,"featured_media":0,"parent":0,"menu_order":0,"comment_status":"closed","ping_status":"closed","template":"k-about.php","meta":{"_acf_changed":false,"footnotes":""},"class_list":["post-40","page","type-page","status-publish","hentry"],"acf":[],"_links":{"self":[{"href":"https:\/\/kokuye.com\/es\/wp-json\/wp\/v2\/pages\/40","targetHints":{"allow":["GET"]}}],"collection":[{"href":"https:\/\/kokuye.com\/es\/wp-json\/wp\/v2\/pages"}],"about":[{"href":"https:\/\/kokuye.com\/es\/wp-json\/wp\/v2\/types\/page"}],"author":[{"embeddable":true,"href":"https:\/\/kokuye.com\/es\/wp-json\/wp\/v2\/users\/1"}],"replies":[{"embeddable":true,"href":"https:\/\/kokuye.com\/es\/wp-json\/wp\/v2\/comments?post=40"}],"version-history":[{"count":12,"href":"https:\/\/kokuye.com\/es\/wp-json\/wp\/v2\/pages\/40\/revisions"}],"predecessor-version":[{"id":1648,"href":"https:\/\/kokuye.com\/es\/wp-json\/wp\/v2\/pages\/40\/revisions\/1648"}],"wp:attachment":[{"href":"https:\/\/kokuye.com\/es\/wp-json\/wp\/v2\/media?parent=40"}],"curies":[{"name":"wp","href":"https:\/\/api.w.org\/{rel}","templated":true}]}}