{"id":277,"date":"2019-01-31T13:37:55","date_gmt":"2019-01-31T18:37:55","guid":{"rendered":"http:\/\/4toestudio-digital.com\/kokuye\/?page_id=277"},"modified":"2019-07-19T09:16:02","modified_gmt":"2019-07-19T14:16:02","slug":"amenidades","status":"publish","type":"page","link":"https:\/\/kokuye.com\/es\/amenidades\/","title":{"rendered":"Amenidades"},"content":{"rendered":"\n<h2 class=\"wp-block-heading\">Pasi\u00f3n por el mar<\/h2>\n\n\n\n<p>Haz fluir tu adrenalina en Kokuy\u00e9 practicando la pesca deportiva, el buceo, snorkeling, windsurfing, paddeling entre otros muchos deportes acu\u00e1ticos.<\/p>\n\n\n\n<p><\/p>\n\n\n<div id=\"jig1\" class=\"justified-image-grid jig-659b829207ce6014641992ce6cb775da jig-preset-global\"><div class=\"jig-clearfix\"><\/div><noscript id=\"jig1-html\" class=\"justified-image-grid-html\" data-lazy-src=\"skiplazyload\" data-src=\"skipunveillazyload\"><ul><li><a href=\"https:\/\/kokuye.com\/wp-content\/uploads\/2019\/01\/kokuye-amenities-mar-1-1024x660.jpg\" title=\"Panama\"><img loading=\"lazy\" decoding=\"async\" src=\"https:\/\/kokuye.com\/wp-content\/plugins\/justified-image-grid\/timthumb.php?src=https%3A%2F%2Fkokuye.com%2Fwp-content%2Fuploads%2F2019%2F01%2Fkokuye-amenities-mar-1-1024x660.jpg&amp;h=390&amp;w=390&amp;q=90&amp;f=.jpg\" alt=\"KOKUY\u00c9\" width=\"390\" height=\"390\" \/><\/a><p class=\"jig-HTMLdescription\">KOKUY\u00c9<br\/>Panama<\/p><\/li><li><a href=\"https:\/\/kokuye.com\/wp-content\/uploads\/2019\/02\/kokuye-amenities-mar-2F-1024x683.jpg\" title=\"Panam\u00e1\"><img loading=\"lazy\" decoding=\"async\" src=\"https:\/\/kokuye.com\/wp-content\/plugins\/justified-image-grid\/timthumb.php?src=https%3A%2F%2Fkokuye.com%2Fwp-content%2Fuploads%2F2019%2F02%2Fkokuye-amenities-mar-2F-1024x683.jpg&amp;h=390&amp;w=390&amp;q=90&amp;f=.jpg\" alt=\"KOKUY\u00c9\" width=\"390\" height=\"390\" \/><\/a><p class=\"jig-HTMLdescription\">KOKUY\u00c9<br\/>Panam\u00e1<\/p><\/li><li><a href=\"https:\/\/kokuye.com\/wp-content\/uploads\/2019\/01\/kokuye-amenities-mar-3-1024x683.jpg\" title=\"Panam\u00e1\"><img loading=\"lazy\" decoding=\"async\" src=\"https:\/\/kokuye.com\/wp-content\/plugins\/justified-image-grid\/timthumb.php?src=https%3A%2F%2Fkokuye.com%2Fwp-content%2Fuploads%2F2019%2F01%2Fkokuye-amenities-mar-3-1024x683.jpg&amp;h=390&amp;w=390&amp;q=90&amp;f=.jpg\" alt=\"KOKUY\u00c9\" width=\"390\" height=\"390\" \/><\/a><p class=\"jig-HTMLdescription\">KOKUY\u00c9<br\/>Panam\u00e1<\/p><\/li><\/ul><\/noscript><\/div>\r\n\n\n\n<h2 class=\"wp-block-heading\">Gastronom\u00eda Caribe\u00f1a<\/h2>\n\n\n\n<p>Ingredientes frescos y puros se transforman en sorprendentes sabores que fusionan culturas, historia y creatividad.<\/p>\n\n\n<div id=\"jig2\" class=\"justified-image-grid jig-7bc70391a4a915170570103acc2e761a jig-preset-global\"><div class=\"jig-clearfix\"><\/div><noscript id=\"jig2-html\" class=\"justified-image-grid-html\" data-lazy-src=\"skiplazyload\" data-src=\"skipunveillazyload\"><ul><li><a href=\"https:\/\/kokuye.com\/wp-content\/uploads\/2019\/01\/kokuye-amenities-gastronomia-1-756x1024.jpg\" title=\"Gastronom\u00eda\"><img loading=\"lazy\" decoding=\"async\" src=\"https:\/\/kokuye.com\/wp-content\/plugins\/justified-image-grid\/timthumb.php?src=https%3A%2F%2Fkokuye.com%2Fwp-content%2Fuploads%2F2019%2F01%2Fkokuye-amenities-gastronomia-1-756x1024.jpg&amp;h=390&amp;w=390&amp;q=90&amp;f=.jpg\" alt=\"KOKUY\u00c9\" width=\"390\" height=\"390\" \/><\/a><p class=\"jig-HTMLdescription\">KOKUY\u00c9<br\/>Gastronom\u00eda<\/p><\/li><li><a href=\"https:\/\/kokuye.com\/wp-content\/uploads\/2019\/01\/kokuye-amenities-gastronomia-2.jpg\" title=\"Gastronom\u00eda\"><img loading=\"lazy\" decoding=\"async\" src=\"https:\/\/kokuye.com\/wp-content\/plugins\/justified-image-grid\/timthumb.php?src=https%3A%2F%2Fkokuye.com%2Fwp-content%2Fuploads%2F2019%2F01%2Fkokuye-amenities-gastronomia-2.jpg&amp;h=390&amp;w=390&amp;q=90&amp;f=.jpg\" alt=\"KOKUY\u00c9\" width=\"390\" height=\"390\" \/><\/a><p class=\"jig-HTMLdescription\">KOKUY\u00c9<br\/>Gastronom\u00eda<\/p><\/li><li><a href=\"https:\/\/kokuye.com\/wp-content\/uploads\/2019\/01\/kokuye-amenities-gastronomia-3-1024x699.jpg\"><img loading=\"lazy\" decoding=\"async\" src=\"https:\/\/kokuye.com\/wp-content\/plugins\/justified-image-grid\/timthumb.php?src=https%3A%2F%2Fkokuye.com%2Fwp-content%2Fuploads%2F2019%2F01%2Fkokuye-amenities-gastronomia-3-1024x699.jpg&amp;h=390&amp;w=390&amp;q=90&amp;f=.jpg\" alt=\"KOKUY\u00c9\" width=\"390\" height=\"390\" \/><\/a><p class=\"jig-HTMLdescription\">KOKUY\u00c9<br\/><\/p><\/li><\/ul><\/noscript><\/div>\r\n\n\n\n<h2 class=\"wp-block-heading\">Verde vida<\/h2>\n\n\n\n<p>Para el coraz\u00f3n apasionado por la naturaleza, Kokuy\u00e9 presenta escenarios magn\u00edficos.<\/p>\n\n\n<div id=\"jig3\" class=\"justified-image-grid jig-af31fc0f10cdfe7f37020560ebe60efc jig-preset-global\"><div class=\"jig-clearfix\"><\/div><noscript id=\"jig3-html\" class=\"justified-image-grid-html\" data-lazy-src=\"skiplazyload\" data-src=\"skipunveillazyload\"><ul><li><a href=\"https:\/\/kokuye.com\/wp-content\/uploads\/2019\/01\/kokuye-amenities-verde-1.jpg\" title=\"Panam\u00e1\"><img loading=\"lazy\" decoding=\"async\" src=\"https:\/\/kokuye.com\/wp-content\/plugins\/justified-image-grid\/timthumb.php?src=https%3A%2F%2Fkokuye.com%2Fwp-content%2Fuploads%2F2019%2F01%2Fkokuye-amenities-verde-1.jpg&amp;h=390&amp;w=390&amp;q=90&amp;f=.jpg\" alt=\"KOKUY\u00c9\" width=\"390\" height=\"390\" \/><\/a><p class=\"jig-HTMLdescription\">KOKUY\u00c9<br\/>Panam\u00e1<\/p><\/li><li><a href=\"https:\/\/kokuye.com\/wp-content\/uploads\/2019\/01\/kokuye-amenities-verde-2-644x1024.jpg\" title=\"Panam\u00e1\"><img loading=\"lazy\" decoding=\"async\" src=\"https:\/\/kokuye.com\/wp-content\/plugins\/justified-image-grid\/timthumb.php?src=https%3A%2F%2Fkokuye.com%2Fwp-content%2Fuploads%2F2019%2F01%2Fkokuye-amenities-verde-2-644x1024.jpg&amp;h=390&amp;w=390&amp;q=90&amp;f=.jpg\" alt=\"KOKUY\u00c9\" width=\"390\" height=\"390\" \/><\/a><p class=\"jig-HTMLdescription\">KOKUY\u00c9<br\/>Panam\u00e1<\/p><\/li><li><a href=\"https:\/\/kokuye.com\/wp-content\/uploads\/2019\/02\/kokuye-amenities-verde-3F-1024x683.jpg\" title=\"Panam\u00e1\"><img loading=\"lazy\" decoding=\"async\" src=\"https:\/\/kokuye.com\/wp-content\/plugins\/justified-image-grid\/timthumb.php?src=https%3A%2F%2Fkokuye.com%2Fwp-content%2Fuploads%2F2019%2F02%2Fkokuye-amenities-verde-3F-1024x683.jpg&amp;h=390&amp;w=390&amp;q=90&amp;f=.jpg\" alt=\"KOKUY\u00c9\" width=\"390\" height=\"390\" \/><\/a><p class=\"jig-HTMLdescription\">KOKUY\u00c9<br\/>Panam\u00e1<\/p><\/li><\/ul><\/noscript><\/div>\r\n\n\n\n<h2 class=\"wp-block-heading\">Cultura y rica historia<\/h2>\n\n\n\n<p>Un lugar m\u00e1gico, donde se mezcla la cultura afroantillana con la ancestral de la etnia Guna y la rica historia de conquistas y piratas.<\/p>\n\n\n<div id=\"jig4\" class=\"justified-image-grid jig-d23206ca87ace3e4b4163df6c0578d62 jig-preset-global\"><div class=\"jig-clearfix\"><\/div><noscript id=\"jig4-html\" class=\"justified-image-grid-html\" data-lazy-src=\"skiplazyload\" data-src=\"skipunveillazyload\"><ul><li><a href=\"https:\/\/kokuye.com\/wp-content\/uploads\/2019\/01\/kokuye-amenities-cultura-1.jpg\" title=\"Panam\u00e1\"><img loading=\"lazy\" decoding=\"async\" src=\"https:\/\/kokuye.com\/wp-content\/plugins\/justified-image-grid\/timthumb.php?src=https%3A%2F%2Fkokuye.com%2Fwp-content%2Fuploads%2F2019%2F01%2Fkokuye-amenities-cultura-1.jpg&amp;h=390&amp;w=390&amp;q=90&amp;f=.jpg\" alt=\"Col\u00f3n\" width=\"390\" height=\"390\" \/><\/a><p class=\"jig-HTMLdescription\">Col\u00f3n<br\/>Panam\u00e1<\/p><\/li><li><a href=\"https:\/\/kokuye.com\/wp-content\/uploads\/2019\/01\/kokuye-amenities-cultura-2.jpg\" title=\"Panam\u00e1\"><img loading=\"lazy\" decoding=\"async\" src=\"https:\/\/kokuye.com\/wp-content\/plugins\/justified-image-grid\/timthumb.php?src=https%3A%2F%2Fkokuye.com%2Fwp-content%2Fuploads%2F2019%2F01%2Fkokuye-amenities-cultura-2.jpg&amp;h=390&amp;w=390&amp;q=90&amp;f=.jpg\" alt=\"San Blas\" width=\"390\" height=\"390\" \/><\/a><p class=\"jig-HTMLdescription\">San Blas<br\/>Panam\u00e1<\/p><\/li><li><a href=\"https:\/\/kokuye.com\/wp-content\/uploads\/2019\/01\/kokuye-amenities-cultura-3-1024x768.jpg\" title=\"Panam\u00e1\"><img loading=\"lazy\" decoding=\"async\" src=\"https:\/\/kokuye.com\/wp-content\/plugins\/justified-image-grid\/timthumb.php?src=https%3A%2F%2Fkokuye.com%2Fwp-content%2Fuploads%2F2019%2F01%2Fkokuye-amenities-cultura-3-1024x768.jpg&amp;h=390&amp;w=390&amp;q=90&amp;f=.jpg\" alt=\"Portobelo\" width=\"390\" height=\"390\" \/><\/a><p class=\"jig-HTMLdescription\">Portobelo<br\/>Panam\u00e1<\/p><\/li><\/ul><\/noscript><\/div>\r\n","protected":false},"excerpt":{"rendered":"<p>Pasi\u00f3n por el mar Haz fluir tu adrenalina en Kokuy\u00e9 practicando la pesca deportiva, el buceo, snorkeling, windsurfing, paddeling entre otros muchos deportes acu\u00e1ticos. Gastronom\u00eda Caribe\u00f1a Ingredientes frescos y puros se transforman en sorprendentes sabores que fusionan culturas, historia y creatividad. Verde vida Para el coraz\u00f3n apasionado por la naturaleza, Kokuy\u00e9 presenta escenarios magn\u00edficos. Cultura [&hellip;]<\/p>\n","protected":false},"author":1,"featured_media":0,"parent":0,"menu_order":0,"comment_status":"closed","ping_status":"closed","template":"k-amenities.php","meta":{"_acf_changed":false,"footnotes":""},"class_list":["post-277","page","type-page","status-publish","hentry"],"acf":[],"_links":{"self":[{"href":"https:\/\/kokuye.com\/es\/wp-json\/wp\/v2\/pages\/277","targetHints":{"allow":["GET"]}}],"collection":[{"href":"https:\/\/kokuye.com\/es\/wp-json\/wp\/v2\/pages"}],"about":[{"href":"https:\/\/kokuye.com\/es\/wp-json\/wp\/v2\/types\/page"}],"author":[{"embeddable":true,"href":"https:\/\/kokuye.com\/es\/wp-json\/wp\/v2\/users\/1"}],"replies":[{"embeddable":true,"href":"https:\/\/kokuye.com\/es\/wp-json\/wp\/v2\/comments?post=277"}],"version-history":[{"count":14,"href":"https:\/\/kokuye.com\/es\/wp-json\/wp\/v2\/pages\/277\/revisions"}],"predecessor-version":[{"id":1056,"href":"https:\/\/kokuye.com\/es\/wp-json\/wp\/v2\/pages\/277\/revisions\/1056"}],"wp:attachment":[{"href":"https:\/\/kokuye.com\/es\/wp-json\/wp\/v2\/media?parent=277"}],"curies":[{"name":"wp","href":"https:\/\/api.w.org\/{rel}","templated":true}]}}